{"id":19,"date":"2021-09-30T19:31:44","date_gmt":"2021-09-30T17:31:44","guid":{"rendered":"http:\/\/belejebtzi.com.gt\/site\/?page_id=19"},"modified":"2023-11-24T19:45:25","modified_gmt":"2023-11-24T18:45:25","slug":"quienes-somos","status":"publish","type":"page","link":"https:\/\/belejebtzi.com.gt\/site\/quienes-somos\/","title":{"rendered":"Qui\u00e9nes Somos"},"content":{"rendered":"\n<p>Una Asociaci\u00f3n civil, no lucrativa,  inspirada en m\u00f3viles de la solidaridad humana y asistencia social, constituida legalmente desde el a\u00f1o 2013<\/p>\n\n\n\n<p><strong>VISI\u00d3N:<\/strong> <\/p>\n\n\n\n<p>Ser parte del conocimiento de la realidad nacional desde el \u00e1mbito gubernamental, sociedad civil y acad\u00e9mico, abriendo as\u00ed un espacio plural donde se respeten las diferentes culturas y creencias, gestionando y ejecuci\u00f3n de proyectos de desarrollo, que incluye su adecuada administraci\u00f3n, mayor capacidad de ejecuci\u00f3n y la medici\u00f3n de impacto de los mismos.<\/p>\n\n\n\n<p><strong>MISI\u00d3N:<\/strong><\/p>\n\n\n\n<p>Potenciar a las poblaciones invisibilizadas en la adecuada administraci\u00f3n de los bienes naturales y humanos aplicando herramientas de planificaci\u00f3n, sostenibilidad e incidencias sociopol\u00edticas, tratando de ser un colectivo que se proyecte a la sociedad dentro y fuera del pa\u00eds, desde los valores de justicia, equidad y pluralidad para que servan como puente entre las personas, organizaciones y comunidades que deseen contribuir para una vida digna y solidaria entre pueblos.<\/p>\n\n\n\n<p><strong>OBJETIVOS Y FINES:<\/strong><\/p>\n\n\n\n<p>>Promover el liderazgo reconocido en el pa\u00eds y el impacto de la inversi\u00f3n de recursos financieros, generando an\u00e1lisis costo beneficio de contexto social y costos de aportunidad.<\/p>\n\n\n\n<blockquote class=\"wp-block-quote is-layout-flow wp-block-quote-is-layout-flow\">\n<p>>Contar con los indicadores suficientes en aumento de la buena administraci\u00f3n y conservaci\u00f3n del medio ambiente, en ausencia del posicionamiento ideol\u00f3gico en la construcci\u00f3n de un modelo de desarrollo propio.<\/p>\n\n\n\n<p>>Suscribir convenios con instituciones p\u00fablicas o privadas, gobiernos locales, municipales, fundaciones, asociaciones, comit\u00e9s, cooperativas, organismos de desarrollo, nacionales o extranjeros,<\/p>\n<\/blockquote>\n\n\n\n<p>>Promover, desarrollar y construir en comunidades conformadas por familias en condiciones de pobreza y pobreza extrema, a trav\u00e9s de autogesti\u00f3n, la introducci\u00f3n de agua potable, energ\u00eda el\u00e9ctrica, construcci\u00f3n de escuelas y viviendas.<\/p>\n\n\n\n<p>>Promover toda clase de actividades o proyectos de desarrollo sostenible que contribuyan a las comunidades de Guatemala.<\/p>\n\n\n\n<p>>Motivar la participaci\u00f3n social en seguridad ciudadana.<\/p>\n\n\n\n<p>>Involucrar a las ciudadanos guatemaltecos de toda clase de actividades que fortalezcan la salud, la paz, el desarrollo y la integraci\u00f3n social de Guatemala.<\/p>\n","protected":false},"excerpt":{"rendered":"<p>Una Asociaci\u00f3n civil, no lucrativa, inspirada en m\u00f3viles de la solidaridad humana y asistencia social, constituida legalmente desde el a\u00f1o 2013 VISI\u00d3N: Ser parte del conocimiento de la realidad nacional desde el \u00e1mbito gubernamental, sociedad civil y acad\u00e9mico, abriendo as\u00ed un espacio plural donde se respeten las diferentes culturas y creencias, gestionando y ejecuci\u00f3n de<\/p>\n<footer><a title=\"Qui\u00e9nes Somos\" id=\"read-more\" href=\"https:\/\/belejebtzi.com.gt\/site\/quienes-somos\/\"><i class=\"icon\"><\/i>Read More<\/a><\/footer>\n","protected":false},"author":1,"featured_media":0,"parent":0,"menu_order":0,"comment_status":"closed","ping_status":"closed","template":"","meta":{"footnotes":""},"class_list":["post-19","page","type-page","status-publish","hentry"],"_links":{"self":[{"href":"https:\/\/belejebtzi.com.gt\/site\/wp-json\/wp\/v2\/pages\/19","targetHints":{"allow":["GET"]}}],"collection":[{"href":"https:\/\/belejebtzi.com.gt\/site\/wp-json\/wp\/v2\/pages"}],"about":[{"href":"https:\/\/belejebtzi.com.gt\/site\/wp-json\/wp\/v2\/types\/page"}],"author":[{"embeddable":true,"href":"https:\/\/belejebtzi.com.gt\/site\/wp-json\/wp\/v2\/users\/1"}],"replies":[{"embeddable":true,"href":"https:\/\/belejebtzi.com.gt\/site\/wp-json\/wp\/v2\/comments?post=19"}],"version-history":[{"count":4,"href":"https:\/\/belejebtzi.com.gt\/site\/wp-json\/wp\/v2\/pages\/19\/revisions"}],"predecessor-version":[{"id":68,"href":"https:\/\/belejebtzi.com.gt\/site\/wp-json\/wp\/v2\/pages\/19\/revisions\/68"}],"wp:attachment":[{"href":"https:\/\/belejebtzi.com.gt\/site\/wp-json\/wp\/v2\/media?parent=19"}],"curies":[{"name":"wp","href":"https:\/\/api.w.org\/{rel}","templated":true}]}}