{"id":20,"date":"2021-09-30T19:31:44","date_gmt":"2021-09-30T17:31:44","guid":{"rendered":"http:\/\/belejebtzi.com.gt\/site\/?page_id=20"},"modified":"2025-01-09T12:19:07","modified_gmt":"2025-01-09T18:19:07","slug":"servicios","status":"publish","type":"page","link":"https:\/\/belejebtzi.com.gt\/site\/servicios\/","title":{"rendered":"PP &#8211; 2025-2028 Fastenaktion"},"content":{"rendered":"\n<p>Derecho a la alimentaci\u00f3n, para los pueblos dejados atr\u00e1s en<br>Guatemala.<\/p>\n\n\n\n<div class=\"wp-block-buttons is-layout-flex wp-block-buttons-is-layout-flex\">\n<div class=\"wp-block-button\"><a class=\"wp-block-button__link wp-element-button\" href=\"https:\/\/belejebtzi.com.gt\/site\/pp-2025-2028\/\">PP &#8211; 2025-2028<\/a><\/div>\n<\/div>\n\n\n\n<p>Programa Pa\u00eds 2025 &#8211; 2028<\/p>\n\n\n\n<div class=\"wp-block-buttons is-layout-flex wp-block-buttons-is-layout-flex\">\n<div class=\"wp-block-button\"><a class=\"wp-block-button__link wp-element-button\" href=\"https:\/\/belejebtzi.com.gt\/site\/ajil-tzaqat-enfoque-de-genero\/\">Ajil Tz\u2019aqat (enfoque de g\u00e9nero)<\/a><\/div>\n<\/div>\n\n\n\n<div class=\"wp-block-buttons is-layout-flex wp-block-buttons-is-layout-flex\">\n<div class=\"wp-block-button\"><a class=\"wp-block-button__link wp-element-button\" href=\"https:\/\/belejebtzi.com.gt\/site\/agroecologia\/\">Agroecolog\u00eda<\/a><\/div>\n<\/div>\n\n\n\n<div class=\"wp-block-buttons is-layout-flex wp-block-buttons-is-layout-flex\">\n<div class=\"wp-block-button\"><a class=\"wp-block-button__link wp-element-button\" href=\"https:\/\/belejebtzi.com.gt\/site\/empoderamiento-comunitario\/\">Empoderamiento Comunitario <\/a><\/div>\n<\/div>\n\n\n\n<div class=\"wp-block-buttons is-layout-flex wp-block-buttons-is-layout-flex\">\n<div class=\"wp-block-button\"><a class=\"wp-block-button__link wp-element-button\" href=\"https:\/\/belejebtzi.com.gt\/site\/ayuda-humanitaria\/\">Ayuda Humanitaria<\/a><\/div>\n<\/div>\n","protected":false},"excerpt":{"rendered":"<p>Derecho a la alimentaci\u00f3n, para los pueblos dejados atr\u00e1s enGuatemala. Programa Pa\u00eds 2025 &#8211; 2028<\/p>\n","protected":false},"author":1,"featured_media":0,"parent":0,"menu_order":0,"comment_status":"closed","ping_status":"closed","template":"","meta":{"footnotes":""},"class_list":["post-20","page","type-page","status-publish","hentry"],"_links":{"self":[{"href":"https:\/\/belejebtzi.com.gt\/site\/wp-json\/wp\/v2\/pages\/20","targetHints":{"allow":["GET"]}}],"collection":[{"href":"https:\/\/belejebtzi.com.gt\/site\/wp-json\/wp\/v2\/pages"}],"about":[{"href":"https:\/\/belejebtzi.com.gt\/site\/wp-json\/wp\/v2\/types\/page"}],"author":[{"embeddable":true,"href":"https:\/\/belejebtzi.com.gt\/site\/wp-json\/wp\/v2\/users\/1"}],"replies":[{"embeddable":true,"href":"https:\/\/belejebtzi.com.gt\/site\/wp-json\/wp\/v2\/comments?post=20"}],"version-history":[{"count":15,"href":"https:\/\/belejebtzi.com.gt\/site\/wp-json\/wp\/v2\/pages\/20\/revisions"}],"predecessor-version":[{"id":197,"href":"https:\/\/belejebtzi.com.gt\/site\/wp-json\/wp\/v2\/pages\/20\/revisions\/197"}],"wp:attachment":[{"href":"https:\/\/belejebtzi.com.gt\/site\/wp-json\/wp\/v2\/media?parent=20"}],"curies":[{"name":"wp","href":"https:\/\/api.w.org\/{rel}","templated":true}]}}