{"id":206,"date":"2025-01-10T13:46:24","date_gmt":"2025-01-10T19:46:24","guid":{"rendered":"https:\/\/belejebtzi.com.gt\/site\/?page_id=206"},"modified":"2025-01-16T14:56:21","modified_gmt":"2025-01-16T20:56:21","slug":"inicio","status":"publish","type":"page","link":"https:\/\/belejebtzi.com.gt\/site\/","title":{"rendered":"Inicio"},"content":{"rendered":"\n<h2 class=\"wp-block-heading has-text-align-left\">Asociaci\u00f3n B&#8217;elejeb&#8217;Tz&#8217;i&#8217;<\/h2>\n\n\n\n<p>El derecho a una alimentaci\u00f3n balanceada debe de ser uno de los pilares fundamentales de los gobiernos, sin embargo, ha sido uno de los derechos m\u00e1s violados en Guatemala. <\/p>\n\n\n\n<div class=\"wp-block-columns is-layout-flex wp-container-core-columns-is-layout-9d6595d7 wp-block-columns-is-layout-flex\">\n<div class=\"wp-block-column is-layout-flow wp-block-column-is-layout-flow\" style=\"flex-basis:66.66%\">\n<figure class=\"wp-block-image size-large\"><img loading=\"lazy\" decoding=\"async\" width=\"1024\" height=\"683\" src=\"https:\/\/belejebtzi.com.gt\/site\/wp-content\/uploads\/2025\/01\/Caritas_Baja_Verapaz-07-1024x683.jpg\" alt=\"\" class=\"wp-image-219\" srcset=\"https:\/\/belejebtzi.com.gt\/site\/wp-content\/uploads\/2025\/01\/Caritas_Baja_Verapaz-07-1024x683.jpg 1024w, https:\/\/belejebtzi.com.gt\/site\/wp-content\/uploads\/2025\/01\/Caritas_Baja_Verapaz-07-300x200.jpg 300w, https:\/\/belejebtzi.com.gt\/site\/wp-content\/uploads\/2025\/01\/Caritas_Baja_Verapaz-07-768x512.jpg 768w, https:\/\/belejebtzi.com.gt\/site\/wp-content\/uploads\/2025\/01\/Caritas_Baja_Verapaz-07-1536x1024.jpg 1536w, https:\/\/belejebtzi.com.gt\/site\/wp-content\/uploads\/2025\/01\/Caritas_Baja_Verapaz-07-2048x1365.jpg 2048w, https:\/\/belejebtzi.com.gt\/site\/wp-content\/uploads\/2025\/01\/Caritas_Baja_Verapaz-07-1200x800.jpg 1200w, https:\/\/belejebtzi.com.gt\/site\/wp-content\/uploads\/2025\/01\/Caritas_Baja_Verapaz-07-1980x1320.jpg 1980w\" sizes=\"auto, (max-width: 1024px) 100vw, 1024px\" \/><\/figure>\n<\/div>\n\n\n\n<div class=\"wp-block-column is-vertically-aligned-center is-layout-flow wp-block-column-is-layout-flow\" style=\"flex-basis:33.33%\">\n<p>El cumplimiento de los derechos humanos, incluido el derecho a la alimentaci\u00f3n, pasa por el ejercicio de los gobiernos de respetar, proteger y hacer cumplir cada derecho.<\/p>\n<\/div>\n<\/div>\n\n\n\n<p>En el \u00edndice mundial del hambre Guatemala para el 2023 tiene una puntuaci\u00f3n de 19,1, lo que supone un valor moderado; es el segundo pa\u00eds a nivel centroamericano con el mayor indice de hambre y un 46,0% (entre los 5 pa\u00edses con mayores porcentajes m\u00e1s altos del mundo) en el retraso del crecimiento infantil menores de 5 a\u00f1os.<\/p>\n\n\n\n<div class=\"wp-block-columns is-layout-flex wp-container-core-columns-is-layout-9d6595d7 wp-block-columns-is-layout-flex\">\n<div class=\"wp-block-column is-vertically-aligned-center is-layout-flow wp-block-column-is-layout-flow\" style=\"flex-basis:33.33%\">\n<p>En el contexto de la implementaci\u00f3n de las medidas neoliberales en Guatemala, el ajuste estructural traducido en el debilitamiento de los Gobiernos es uno de los principales obst\u00e1culos para que se respeten, se protejan y se hagan cumplir los derechos humanos.<\/p>\n<\/div>\n\n\n\n<div class=\"wp-block-column is-layout-flow wp-block-column-is-layout-flow\" style=\"flex-basis:66.66%\">\n<figure class=\"wp-block-image size-large\"><img loading=\"lazy\" decoding=\"async\" width=\"1024\" height=\"683\" src=\"https:\/\/belejebtzi.com.gt\/site\/wp-content\/uploads\/2025\/01\/Caritas_Baja_Verapaz-23-1024x683.jpg\" alt=\"\" class=\"wp-image-220\" srcset=\"https:\/\/belejebtzi.com.gt\/site\/wp-content\/uploads\/2025\/01\/Caritas_Baja_Verapaz-23-1024x683.jpg 1024w, https:\/\/belejebtzi.com.gt\/site\/wp-content\/uploads\/2025\/01\/Caritas_Baja_Verapaz-23-300x200.jpg 300w, https:\/\/belejebtzi.com.gt\/site\/wp-content\/uploads\/2025\/01\/Caritas_Baja_Verapaz-23-768x512.jpg 768w, https:\/\/belejebtzi.com.gt\/site\/wp-content\/uploads\/2025\/01\/Caritas_Baja_Verapaz-23-1536x1024.jpg 1536w, https:\/\/belejebtzi.com.gt\/site\/wp-content\/uploads\/2025\/01\/Caritas_Baja_Verapaz-23-2048x1365.jpg 2048w, https:\/\/belejebtzi.com.gt\/site\/wp-content\/uploads\/2025\/01\/Caritas_Baja_Verapaz-23-1200x800.jpg 1200w, https:\/\/belejebtzi.com.gt\/site\/wp-content\/uploads\/2025\/01\/Caritas_Baja_Verapaz-23-1980x1320.jpg 1980w\" sizes=\"auto, (max-width: 1024px) 100vw, 1024px\" \/><\/figure>\n<\/div>\n<\/div>\n\n\n\n<h2 class=\"wp-block-heading\">\u00bfQu\u00e9 hacemos? <\/h2>\n\n\n\n<p><\/p>\n\n\n\n<div class=\"wp-block-columns is-layout-flex wp-container-core-columns-is-layout-9d6595d7 wp-block-columns-is-layout-flex\">\n<div class=\"wp-block-column is-layout-flow wp-block-column-is-layout-flow\" style=\"flex-basis:66.66%\">\n<figure class=\"wp-block-image size-large\"><img loading=\"lazy\" decoding=\"async\" width=\"1024\" height=\"683\" src=\"https:\/\/belejebtzi.com.gt\/site\/wp-content\/uploads\/2025\/01\/Intercambio-de-plantas_Cubulco_BV-1024x683.jpeg\" alt=\"\" class=\"wp-image-244\" srcset=\"https:\/\/belejebtzi.com.gt\/site\/wp-content\/uploads\/2025\/01\/Intercambio-de-plantas_Cubulco_BV-1024x683.jpeg 1024w, https:\/\/belejebtzi.com.gt\/site\/wp-content\/uploads\/2025\/01\/Intercambio-de-plantas_Cubulco_BV-300x200.jpeg 300w, https:\/\/belejebtzi.com.gt\/site\/wp-content\/uploads\/2025\/01\/Intercambio-de-plantas_Cubulco_BV-768x512.jpeg 768w, https:\/\/belejebtzi.com.gt\/site\/wp-content\/uploads\/2025\/01\/Intercambio-de-plantas_Cubulco_BV-1536x1024.jpeg 1536w, https:\/\/belejebtzi.com.gt\/site\/wp-content\/uploads\/2025\/01\/Intercambio-de-plantas_Cubulco_BV-1200x800.jpeg 1200w, https:\/\/belejebtzi.com.gt\/site\/wp-content\/uploads\/2025\/01\/Intercambio-de-plantas_Cubulco_BV.jpeg 1920w\" sizes=\"auto, (max-width: 1024px) 100vw, 1024px\" \/><\/figure>\n<\/div>\n\n\n\n<div class=\"wp-block-column is-vertically-aligned-top is-layout-flow wp-block-column-is-layout-flow\" style=\"flex-basis:33.33%\">\n<p>Promover el sentido de pertenecia cultural, respetando la identidad y conexi\u00f3n de los pueblos indigenas, generando practicas comunitarias que permiten el empoderamiento comunitario, el respeto a los medios de vida y el resarcimiento con la madre tierra.<\/p>\n<\/div>\n<\/div>\n\n\n\n<div class=\"wp-block-columns is-layout-flex wp-container-core-columns-is-layout-9d6595d7 wp-block-columns-is-layout-flex\">\n<div class=\"wp-block-column is-vertically-aligned-center is-layout-flow wp-block-column-is-layout-flow\" style=\"flex-basis:33.33%\">\n<p>Promover la salud alimentaria y nutricional as\u00ed como el cuidado de los recursos naturales y la relaci\u00f3n de vida de nuestra madre tierra, a trav\u00e9s de la agroecolog\u00eda.<\/p>\n<\/div>\n\n\n\n<div class=\"wp-block-column is-layout-flow wp-block-column-is-layout-flow\" style=\"flex-basis:66.66%\">\n<figure class=\"wp-block-image size-large\"><img loading=\"lazy\" decoding=\"async\" width=\"1024\" height=\"768\" src=\"https:\/\/belejebtzi.com.gt\/site\/wp-content\/uploads\/2025\/01\/Intercambio-de-semillas_Xinca-de-Xalapan-Jalapa-1024x768.jpeg\" alt=\"\" class=\"wp-image-247\" srcset=\"https:\/\/belejebtzi.com.gt\/site\/wp-content\/uploads\/2025\/01\/Intercambio-de-semillas_Xinca-de-Xalapan-Jalapa-1024x768.jpeg 1024w, https:\/\/belejebtzi.com.gt\/site\/wp-content\/uploads\/2025\/01\/Intercambio-de-semillas_Xinca-de-Xalapan-Jalapa-300x225.jpeg 300w, https:\/\/belejebtzi.com.gt\/site\/wp-content\/uploads\/2025\/01\/Intercambio-de-semillas_Xinca-de-Xalapan-Jalapa-768x576.jpeg 768w, https:\/\/belejebtzi.com.gt\/site\/wp-content\/uploads\/2025\/01\/Intercambio-de-semillas_Xinca-de-Xalapan-Jalapa-1536x1152.jpeg 1536w, https:\/\/belejebtzi.com.gt\/site\/wp-content\/uploads\/2025\/01\/Intercambio-de-semillas_Xinca-de-Xalapan-Jalapa-2048x1536.jpeg 2048w, https:\/\/belejebtzi.com.gt\/site\/wp-content\/uploads\/2025\/01\/Intercambio-de-semillas_Xinca-de-Xalapan-Jalapa-1200x900.jpeg 1200w, https:\/\/belejebtzi.com.gt\/site\/wp-content\/uploads\/2025\/01\/Intercambio-de-semillas_Xinca-de-Xalapan-Jalapa-1980x1485.jpeg 1980w\" sizes=\"auto, (max-width: 1024px) 100vw, 1024px\" \/><\/figure>\n<\/div>\n<\/div>\n","protected":false},"excerpt":{"rendered":"<p>Asociaci\u00f3n B&#8217;elejeb&#8217;Tz&#8217;i&#8217; El derecho a una alimentaci\u00f3n balanceada debe de ser uno de los pilares fundamentales de los gobiernos, sin embargo, ha sido uno de los derechos m\u00e1s violados en Guatemala. El cumplimiento de los derechos humanos, incluido el derecho a la alimentaci\u00f3n, pasa por el ejercicio de los gobiernos de respetar, proteger y hacer<\/p>\n<footer><a title=\"Inicio\" id=\"read-more\" href=\"https:\/\/belejebtzi.com.gt\/site\/\"><i class=\"icon\"><\/i>Read More<\/a><\/footer>\n","protected":false},"author":1,"featured_media":0,"parent":0,"menu_order":0,"comment_status":"closed","ping_status":"closed","template":"","meta":{"footnotes":""},"class_list":["post-206","page","type-page","status-publish","hentry"],"_links":{"self":[{"href":"https:\/\/belejebtzi.com.gt\/site\/wp-json\/wp\/v2\/pages\/206","targetHints":{"allow":["GET"]}}],"collection":[{"href":"https:\/\/belejebtzi.com.gt\/site\/wp-json\/wp\/v2\/pages"}],"about":[{"href":"https:\/\/belejebtzi.com.gt\/site\/wp-json\/wp\/v2\/types\/page"}],"author":[{"embeddable":true,"href":"https:\/\/belejebtzi.com.gt\/site\/wp-json\/wp\/v2\/users\/1"}],"replies":[{"embeddable":true,"href":"https:\/\/belejebtzi.com.gt\/site\/wp-json\/wp\/v2\/comments?post=206"}],"version-history":[{"count":20,"href":"https:\/\/belejebtzi.com.gt\/site\/wp-json\/wp\/v2\/pages\/206\/revisions"}],"predecessor-version":[{"id":248,"href":"https:\/\/belejebtzi.com.gt\/site\/wp-json\/wp\/v2\/pages\/206\/revisions\/248"}],"wp:attachment":[{"href":"https:\/\/belejebtzi.com.gt\/site\/wp-json\/wp\/v2\/media?parent=206"}],"curies":[{"name":"wp","href":"https:\/\/api.w.org\/{rel}","templated":true}]}}