{"id":22,"date":"2021-09-30T19:31:45","date_gmt":"2021-09-30T17:31:45","guid":{"rendered":"http:\/\/belejebtzi.com.gt\/site\/?page_id=22"},"modified":"2023-11-24T19:52:48","modified_gmt":"2023-11-24T18:52:48","slug":"contactenos","status":"publish","type":"page","link":"https:\/\/belejebtzi.com.gt\/site\/contactenos\/","title":{"rendered":"Cont\u00e1ctenos"},"content":{"rendered":"\n<p>Avenida Sime\u00f3n Ca\u00f1as 6-48 zona 2, Guatemala, Guatemala, C.A.<\/p>\n\n\n\n<p>comunicaciones@belejebtzi.com.gt            <\/p>\n\n\n\n<p>Tel\u00e9fono: (502) 22702324<\/p>\n\n\n\n<p><\/p>\n","protected":false},"excerpt":{"rendered":"<p>Avenida Sime\u00f3n Ca\u00f1as 6-48 zona 2, Guatemala, Guatemala, C.A. comunicaciones@belejebtzi.com.gt Tel\u00e9fono: (502) 22702324<\/p>\n","protected":false},"author":1,"featured_media":0,"parent":0,"menu_order":0,"comment_status":"closed","ping_status":"closed","template":"","meta":{"footnotes":""},"class_list":["post-22","page","type-page","status-publish","hentry"],"_links":{"self":[{"href":"https:\/\/belejebtzi.com.gt\/site\/wp-json\/wp\/v2\/pages\/22","targetHints":{"allow":["GET"]}}],"collection":[{"href":"https:\/\/belejebtzi.com.gt\/site\/wp-json\/wp\/v2\/pages"}],"about":[{"href":"https:\/\/belejebtzi.com.gt\/site\/wp-json\/wp\/v2\/types\/page"}],"author":[{"embeddable":true,"href":"https:\/\/belejebtzi.com.gt\/site\/wp-json\/wp\/v2\/users\/1"}],"replies":[{"embeddable":true,"href":"https:\/\/belejebtzi.com.gt\/site\/wp-json\/wp\/v2\/comments?post=22"}],"version-history":[{"count":2,"href":"https:\/\/belejebtzi.com.gt\/site\/wp-json\/wp\/v2\/pages\/22\/revisions"}],"predecessor-version":[{"id":70,"href":"https:\/\/belejebtzi.com.gt\/site\/wp-json\/wp\/v2\/pages\/22\/revisions\/70"}],"wp:attachment":[{"href":"https:\/\/belejebtzi.com.gt\/site\/wp-json\/wp\/v2\/media?parent=22"}],"curies":[{"name":"wp","href":"https:\/\/api.w.org\/{rel}","templated":true}]}}